{"id":994,"date":"2026-03-27T02:04:40","date_gmt":"2026-03-27T02:04:40","guid":{"rendered":"http:\/\/localhost:8888\/wordpress\/?product=pinata-de-estrella-azul-con-blanco"},"modified":"2026-03-27T02:53:54","modified_gmt":"2026-03-27T02:53:54","slug":"pinata-de-estrella-azul-con-blanco","status":"publish","type":"product","link":"https:\/\/dulceriaelparaiso.com\/?product=pinata-de-estrella-azul-con-blanco","title":{"rendered":"Pi\u00f1ata de estrella azul con blanco"},"content":{"rendered":"<p>Pi\u00f1ata grande ideal para fiestas infantiles o cumplea\u00f1os<\/p>\n","protected":false},"excerpt":{"rendered":"<p>Pi\u00f1ata grande ideal para fiestas infantiles o cumplea\u00f1os<\/p>\n","protected":false},"featured_media":1107,"comment_status":"open","ping_status":"closed","template":"","meta":[],"product_brand":[],"product_cat":[79],"product_tag":[],"class_list":{"0":"post-994","1":"product","2":"type-product","3":"status-publish","4":"has-post-thumbnail","6":"product_cat-pinatas","8":"first","9":"instock","10":"shipping-taxable","11":"purchasable","12":"product-type-simple"},"_links":{"self":[{"href":"https:\/\/dulceriaelparaiso.com\/index.php?rest_route=\/wp\/v2\/product\/994","targetHints":{"allow":["GET"]}}],"collection":[{"href":"https:\/\/dulceriaelparaiso.com\/index.php?rest_route=\/wp\/v2\/product"}],"about":[{"href":"https:\/\/dulceriaelparaiso.com\/index.php?rest_route=\/wp\/v2\/types\/product"}],"replies":[{"embeddable":true,"href":"https:\/\/dulceriaelparaiso.com\/index.php?rest_route=%2Fwp%2Fv2%2Fcomments&post=994"}],"wp:featuredmedia":[{"embeddable":true,"href":"https:\/\/dulceriaelparaiso.com\/index.php?rest_route=\/wp\/v2\/media\/1107"}],"wp:attachment":[{"href":"https:\/\/dulceriaelparaiso.com\/index.php?rest_route=%2Fwp%2Fv2%2Fmedia&parent=994"}],"wp:term":[{"taxonomy":"product_brand","embeddable":true,"href":"https:\/\/dulceriaelparaiso.com\/index.php?rest_route=%2Fwp%2Fv2%2Fproduct_brand&post=994"},{"taxonomy":"product_cat","embeddable":true,"href":"https:\/\/dulceriaelparaiso.com\/index.php?rest_route=%2Fwp%2Fv2%2Fproduct_cat&post=994"},{"taxonomy":"product_tag","embeddable":true,"href":"https:\/\/dulceriaelparaiso.com\/index.php?rest_route=%2Fwp%2Fv2%2Fproduct_tag&post=994"}],"curies":[{"name":"wp","href":"https:\/\/api.w.org\/{rel}","templated":true}]}}