{"id":983,"date":"2026-03-27T02:03:58","date_gmt":"2026-03-27T02:03:58","guid":{"rendered":"http:\/\/localhost:8888\/wordpress\/?product=tapas-ecologicas-para-vasos-eco-unicel-100-piezas"},"modified":"2026-03-27T04:33:41","modified_gmt":"2026-03-27T04:33:41","slug":"tapas-ecologicas-para-vasos-eco-unicel-100-piezas","status":"publish","type":"product","link":"https:\/\/dulceriaelparaiso.com\/?product=tapas-ecologicas-para-vasos-eco-unicel-100-piezas","title":{"rendered":"Tapas Ecol\u00f3gicas para Vasos Eco Unicel (100 piezas)"},"content":{"rendered":"<p>Tapas resistentes dise\u00f1adas para vasos t\u00e9rmicos Ayudan a mantener la temperatura de bebidas calientes y evitan derrames<\/p>\n","protected":false},"excerpt":{"rendered":"<p>Tapas resistentes dise\u00f1adas para vasos t\u00e9rmicos Ayudan a mantener la temperatura de bebidas calientes y evitan derrames<\/p>\n","protected":false},"featured_media":765,"comment_status":"open","ping_status":"closed","template":"","meta":[],"product_brand":[],"product_cat":[76],"product_tag":[],"class_list":{"0":"post-983","1":"product","2":"type-product","3":"status-publish","4":"has-post-thumbnail","6":"product_cat-desechables-tapas","8":"first","9":"instock","10":"shipping-taxable","11":"purchasable","12":"product-type-simple"},"_links":{"self":[{"href":"https:\/\/dulceriaelparaiso.com\/index.php?rest_route=\/wp\/v2\/product\/983","targetHints":{"allow":["GET"]}}],"collection":[{"href":"https:\/\/dulceriaelparaiso.com\/index.php?rest_route=\/wp\/v2\/product"}],"about":[{"href":"https:\/\/dulceriaelparaiso.com\/index.php?rest_route=\/wp\/v2\/types\/product"}],"replies":[{"embeddable":true,"href":"https:\/\/dulceriaelparaiso.com\/index.php?rest_route=%2Fwp%2Fv2%2Fcomments&post=983"}],"wp:featuredmedia":[{"embeddable":true,"href":"https:\/\/dulceriaelparaiso.com\/index.php?rest_route=\/wp\/v2\/media\/765"}],"wp:attachment":[{"href":"https:\/\/dulceriaelparaiso.com\/index.php?rest_route=%2Fwp%2Fv2%2Fmedia&parent=983"}],"wp:term":[{"taxonomy":"product_brand","embeddable":true,"href":"https:\/\/dulceriaelparaiso.com\/index.php?rest_route=%2Fwp%2Fv2%2Fproduct_brand&post=983"},{"taxonomy":"product_cat","embeddable":true,"href":"https:\/\/dulceriaelparaiso.com\/index.php?rest_route=%2Fwp%2Fv2%2Fproduct_cat&post=983"},{"taxonomy":"product_tag","embeddable":true,"href":"https:\/\/dulceriaelparaiso.com\/index.php?rest_route=%2Fwp%2Fv2%2Fproduct_tag&post=983"}],"curies":[{"name":"wp","href":"https:\/\/api.w.org\/{rel}","templated":true}]}}