{"id":955,"date":"2026-03-27T02:02:35","date_gmt":"2026-03-27T02:02:35","guid":{"rendered":"http:\/\/localhost:8888\/wordpress\/?product=globo-latex-rojo-no-12-paquete-50-piezas"},"modified":"2026-03-27T17:33:43","modified_gmt":"2026-03-27T17:33:43","slug":"globo-latex-rojo-no-12-paquete-50-piezas","status":"publish","type":"product","link":"https:\/\/dulceriaelparaiso.com\/?product=globo-latex-rojo-no-12-paquete-50-piezas","title":{"rendered":"Globo L\u00e1tex Rojo No 12 (Paquete 50 piezas)"},"content":{"rendered":"<p>Globos de l\u00e1tex color rojo tama\u00f1o #12 ideales para decorar fiestas eventos y San Valentin alta resistencia y excelente calidad<\/p>\n","protected":false},"excerpt":{"rendered":"<p>Globos de l\u00e1tex color rojo tama\u00f1o #12 ideales para decorar fiestas eventos y San Valentin alta resistencia y excelente calidad<\/p>\n","protected":false},"featured_media":1041,"comment_status":"open","ping_status":"closed","template":"","meta":[],"product_brand":[],"product_cat":[70],"product_tag":[],"class_list":{"0":"post-955","1":"product","2":"type-product","3":"status-publish","4":"has-post-thumbnail","6":"product_cat-globos-decoracion","8":"first","9":"instock","10":"shipping-taxable","11":"purchasable","12":"product-type-simple"},"_links":{"self":[{"href":"https:\/\/dulceriaelparaiso.com\/index.php?rest_route=\/wp\/v2\/product\/955","targetHints":{"allow":["GET"]}}],"collection":[{"href":"https:\/\/dulceriaelparaiso.com\/index.php?rest_route=\/wp\/v2\/product"}],"about":[{"href":"https:\/\/dulceriaelparaiso.com\/index.php?rest_route=\/wp\/v2\/types\/product"}],"replies":[{"embeddable":true,"href":"https:\/\/dulceriaelparaiso.com\/index.php?rest_route=%2Fwp%2Fv2%2Fcomments&post=955"}],"wp:featuredmedia":[{"embeddable":true,"href":"https:\/\/dulceriaelparaiso.com\/index.php?rest_route=\/wp\/v2\/media\/1041"}],"wp:attachment":[{"href":"https:\/\/dulceriaelparaiso.com\/index.php?rest_route=%2Fwp%2Fv2%2Fmedia&parent=955"}],"wp:term":[{"taxonomy":"product_brand","embeddable":true,"href":"https:\/\/dulceriaelparaiso.com\/index.php?rest_route=%2Fwp%2Fv2%2Fproduct_brand&post=955"},{"taxonomy":"product_cat","embeddable":true,"href":"https:\/\/dulceriaelparaiso.com\/index.php?rest_route=%2Fwp%2Fv2%2Fproduct_cat&post=955"},{"taxonomy":"product_tag","embeddable":true,"href":"https:\/\/dulceriaelparaiso.com\/index.php?rest_route=%2Fwp%2Fv2%2Fproduct_tag&post=955"}],"curies":[{"name":"wp","href":"https:\/\/api.w.org\/{rel}","templated":true}]}}