{"id":901,"date":"2026-03-27T01:58:32","date_gmt":"2026-03-27T01:58:32","guid":{"rendered":"http:\/\/localhost:8888\/wordpress\/?product=bolsa-ecologica-anguiplast-70-x-90-cm-1kg"},"modified":"2026-03-27T19:03:36","modified_gmt":"2026-03-27T19:03:36","slug":"bolsa-ecologica-anguiplast-70-x-90-cm-1kg","status":"publish","type":"product","link":"https:\/\/dulceriaelparaiso.com\/?product=bolsa-ecologica-anguiplast-70-x-90-cm-1kg","title":{"rendered":"Bolsa ecol\u00f3gica Anguiplast 70 x 90 cm 1kg"},"content":{"rendered":"<p>Bolsa para basura ecol\u00f3gica tama\u00f1o grande 70 x 90 cm resiste y biodegradable<\/p>\n","protected":false},"excerpt":{"rendered":"<p>Bolsa para basura ecol\u00f3gica tama\u00f1o grande 70 x 90 cm resiste y biodegradable<\/p>\n","protected":false},"featured_media":1083,"comment_status":"open","ping_status":"closed","template":"","meta":[],"product_brand":[],"product_cat":[56],"product_tag":[],"class_list":{"0":"post-901","1":"product","2":"type-product","3":"status-publish","4":"has-post-thumbnail","6":"product_cat-bolsas-para-basura","8":"first","9":"instock","10":"shipping-taxable","11":"purchasable","12":"product-type-simple"},"_links":{"self":[{"href":"https:\/\/dulceriaelparaiso.com\/index.php?rest_route=\/wp\/v2\/product\/901","targetHints":{"allow":["GET"]}}],"collection":[{"href":"https:\/\/dulceriaelparaiso.com\/index.php?rest_route=\/wp\/v2\/product"}],"about":[{"href":"https:\/\/dulceriaelparaiso.com\/index.php?rest_route=\/wp\/v2\/types\/product"}],"replies":[{"embeddable":true,"href":"https:\/\/dulceriaelparaiso.com\/index.php?rest_route=%2Fwp%2Fv2%2Fcomments&post=901"}],"wp:featuredmedia":[{"embeddable":true,"href":"https:\/\/dulceriaelparaiso.com\/index.php?rest_route=\/wp\/v2\/media\/1083"}],"wp:attachment":[{"href":"https:\/\/dulceriaelparaiso.com\/index.php?rest_route=%2Fwp%2Fv2%2Fmedia&parent=901"}],"wp:term":[{"taxonomy":"product_brand","embeddable":true,"href":"https:\/\/dulceriaelparaiso.com\/index.php?rest_route=%2Fwp%2Fv2%2Fproduct_brand&post=901"},{"taxonomy":"product_cat","embeddable":true,"href":"https:\/\/dulceriaelparaiso.com\/index.php?rest_route=%2Fwp%2Fv2%2Fproduct_cat&post=901"},{"taxonomy":"product_tag","embeddable":true,"href":"https:\/\/dulceriaelparaiso.com\/index.php?rest_route=%2Fwp%2Fv2%2Fproduct_tag&post=901"}],"curies":[{"name":"wp","href":"https:\/\/api.w.org\/{rel}","templated":true}]}}