{"id":541,"date":"2026-03-20T17:52:06","date_gmt":"2026-03-20T17:52:06","guid":{"rendered":"http:\/\/localhost:8888\/wordpress\/?product=mazapan-de-chocolate-chico"},"modified":"2026-03-24T19:34:43","modified_gmt":"2026-03-24T19:34:43","slug":"mazapan-de-chocolate-chico","status":"publish","type":"product","link":"https:\/\/dulceriaelparaiso.com\/?product=mazapan-de-chocolate-chico","title":{"rendered":"Mazapan de Chocolate Chico"},"content":{"rendered":"<p>Mazap\u00e1n cubierto de chocolate en tama\u00f1o peque\u00f1o<\/p>\n","protected":false},"excerpt":{"rendered":"<p>Mazap\u00e1n cubierto de chocolate en tama\u00f1o peque\u00f1o<\/p>\n","protected":false},"featured_media":67,"comment_status":"open","ping_status":"closed","template":"","meta":[],"product_brand":[],"product_cat":[28],"product_tag":[],"class_list":{"0":"post-541","1":"product","2":"type-product","3":"status-publish","4":"has-post-thumbnail","6":"product_cat-dulces-tradicionales","8":"first","9":"instock","10":"shipping-taxable","11":"purchasable","12":"product-type-simple"},"_links":{"self":[{"href":"https:\/\/dulceriaelparaiso.com\/index.php?rest_route=\/wp\/v2\/product\/541","targetHints":{"allow":["GET"]}}],"collection":[{"href":"https:\/\/dulceriaelparaiso.com\/index.php?rest_route=\/wp\/v2\/product"}],"about":[{"href":"https:\/\/dulceriaelparaiso.com\/index.php?rest_route=\/wp\/v2\/types\/product"}],"replies":[{"embeddable":true,"href":"https:\/\/dulceriaelparaiso.com\/index.php?rest_route=%2Fwp%2Fv2%2Fcomments&post=541"}],"wp:featuredmedia":[{"embeddable":true,"href":"https:\/\/dulceriaelparaiso.com\/index.php?rest_route=\/wp\/v2\/media\/67"}],"wp:attachment":[{"href":"https:\/\/dulceriaelparaiso.com\/index.php?rest_route=%2Fwp%2Fv2%2Fmedia&parent=541"}],"wp:term":[{"taxonomy":"product_brand","embeddable":true,"href":"https:\/\/dulceriaelparaiso.com\/index.php?rest_route=%2Fwp%2Fv2%2Fproduct_brand&post=541"},{"taxonomy":"product_cat","embeddable":true,"href":"https:\/\/dulceriaelparaiso.com\/index.php?rest_route=%2Fwp%2Fv2%2Fproduct_cat&post=541"},{"taxonomy":"product_tag","embeddable":true,"href":"https:\/\/dulceriaelparaiso.com\/index.php?rest_route=%2Fwp%2Fv2%2Fproduct_tag&post=541"}],"curies":[{"name":"wp","href":"https:\/\/api.w.org\/{rel}","templated":true}]}}