{"id":479,"date":"2026-03-19T01:49:15","date_gmt":"2026-03-19T01:49:15","guid":{"rendered":"http:\/\/localhost:8888\/wordpress\/?product=paleta-payaso-grande"},"modified":"2026-03-28T03:00:41","modified_gmt":"2026-03-28T03:00:41","slug":"paleta-payaso-grande","status":"publish","type":"product","link":"https:\/\/dulceriaelparaiso.com\/?product=paleta-payaso-grande","title":{"rendered":"Paleta Payaso grande"},"content":{"rendered":"<p>Cl\u00e1sica paleta de chocolate con bomb\u00f3n tama\u00f1o grande<\/p>\n","protected":false},"excerpt":{"rendered":"<p>Cl\u00e1sica paleta de chocolate con bomb\u00f3n tama\u00f1o grande<\/p>\n","protected":false},"featured_media":261,"comment_status":"open","ping_status":"closed","template":"","meta":[],"product_brand":[],"product_cat":[29],"product_tag":[],"class_list":{"0":"post-479","1":"product","2":"type-product","3":"status-publish","4":"has-post-thumbnail","6":"product_cat-malvaviscos","8":"first","9":"instock","10":"shipping-taxable","11":"purchasable","12":"product-type-simple"},"_links":{"self":[{"href":"https:\/\/dulceriaelparaiso.com\/index.php?rest_route=\/wp\/v2\/product\/479","targetHints":{"allow":["GET"]}}],"collection":[{"href":"https:\/\/dulceriaelparaiso.com\/index.php?rest_route=\/wp\/v2\/product"}],"about":[{"href":"https:\/\/dulceriaelparaiso.com\/index.php?rest_route=\/wp\/v2\/types\/product"}],"replies":[{"embeddable":true,"href":"https:\/\/dulceriaelparaiso.com\/index.php?rest_route=%2Fwp%2Fv2%2Fcomments&post=479"}],"wp:featuredmedia":[{"embeddable":true,"href":"https:\/\/dulceriaelparaiso.com\/index.php?rest_route=\/wp\/v2\/media\/261"}],"wp:attachment":[{"href":"https:\/\/dulceriaelparaiso.com\/index.php?rest_route=%2Fwp%2Fv2%2Fmedia&parent=479"}],"wp:term":[{"taxonomy":"product_brand","embeddable":true,"href":"https:\/\/dulceriaelparaiso.com\/index.php?rest_route=%2Fwp%2Fv2%2Fproduct_brand&post=479"},{"taxonomy":"product_cat","embeddable":true,"href":"https:\/\/dulceriaelparaiso.com\/index.php?rest_route=%2Fwp%2Fv2%2Fproduct_cat&post=479"},{"taxonomy":"product_tag","embeddable":true,"href":"https:\/\/dulceriaelparaiso.com\/index.php?rest_route=%2Fwp%2Fv2%2Fproduct_tag&post=479"}],"curies":[{"name":"wp","href":"https:\/\/api.w.org\/{rel}","templated":true}]}}