{"id":60,"date":"2026-03-16T03:58:38","date_gmt":"2026-03-16T03:58:38","guid":{"rendered":"http:\/\/localhost:8888\/wordpress\/?page_id=60"},"modified":"2026-03-16T03:58:38","modified_gmt":"2026-03-16T03:58:38","slug":"contacto","status":"publish","type":"page","link":"https:\/\/dulceriaelparaiso.com\/?page_id=60","title":{"rendered":"Contacto"},"content":{"rendered":"\n<p>Cont\u00e1ctanos <\/p>\n\n\n\n<p>En Dulcer\u00eda El Para\u00edso estamos listos para atenderte.<\/p>\n\n\n\n<p>Direcci\u00f3n <\/p>\n\n\n\n<p>Juan Escutia 294-2 entre Amado Nervo y Zaragoza colonia Centro Tepic, Nayarit, M\u00e9xico<\/p>\n\n\n\n<p>Tel\u00e9fono \/ WhatsApp<\/p>\n\n\n\n<p>311 392 93 66<\/p>\n\n\n\n<p>Horario <\/p>\n\n\n\n<p>Lunes a Sabado <\/p>\n\n\n\n<p>Si deseas hacer un pedido o preguntar por alg\u00fan dulce, puedes escribirnos directamente por WhatsApp desde el bot\u00f3n verde que aparece en la p\u00e1gina.<\/p>\n","protected":false},"excerpt":{"rendered":"<p>Cont\u00e1ctanos En Dulcer\u00eda El Para\u00edso estamos listos para atenderte. Direcci\u00f3n Juan Escutia 294-2 entre Amado Nervo y Zaragoza colonia Centro Tepic, Nayarit, M\u00e9xico Tel\u00e9fono \/ WhatsApp 311 392 93 66 Horario Lunes a Sabado Si deseas hacer un pedido o preguntar por alg\u00fan dulce, puedes escribirnos directamente por WhatsApp desde el bot\u00f3n verde que aparece [&hellip;]<\/p>\n","protected":false},"author":1,"featured_media":0,"parent":0,"menu_order":0,"comment_status":"closed","ping_status":"closed","template":"","meta":{"footnotes":""},"class_list":["post-60","page","type-page","status-publish","hentry"],"_links":{"self":[{"href":"https:\/\/dulceriaelparaiso.com\/index.php?rest_route=\/wp\/v2\/pages\/60","targetHints":{"allow":["GET"]}}],"collection":[{"href":"https:\/\/dulceriaelparaiso.com\/index.php?rest_route=\/wp\/v2\/pages"}],"about":[{"href":"https:\/\/dulceriaelparaiso.com\/index.php?rest_route=\/wp\/v2\/types\/page"}],"author":[{"embeddable":true,"href":"https:\/\/dulceriaelparaiso.com\/index.php?rest_route=\/wp\/v2\/users\/1"}],"replies":[{"embeddable":true,"href":"https:\/\/dulceriaelparaiso.com\/index.php?rest_route=%2Fwp%2Fv2%2Fcomments&post=60"}],"version-history":[{"count":1,"href":"https:\/\/dulceriaelparaiso.com\/index.php?rest_route=\/wp\/v2\/pages\/60\/revisions"}],"predecessor-version":[{"id":61,"href":"https:\/\/dulceriaelparaiso.com\/index.php?rest_route=\/wp\/v2\/pages\/60\/revisions\/61"}],"wp:attachment":[{"href":"https:\/\/dulceriaelparaiso.com\/index.php?rest_route=%2Fwp%2Fv2%2Fmedia&parent=60"}],"curies":[{"name":"wp","href":"https:\/\/api.w.org\/{rel}","templated":true}]}}